{"id":78,"date":"2025-01-25T10:57:02","date_gmt":"2025-01-25T09:57:02","guid":{"rendered":"https:\/\/admin.solawiaachen.de\/?page_id=78"},"modified":"2025-11-21T19:42:18","modified_gmt":"2025-11-21T18:42:18","slug":"unsere-solawi","status":"publish","type":"page","link":"https:\/\/admin.solawiaachen.de\/?page_id=78","title":{"rendered":"Die SoLaWi am Westhof"},"content":{"rendered":"\n<div style=\"height:25px\" aria-hidden=\"true\" class=\"wp-block-spacer\"><\/div>\n\n\n\n<h3 class=\"wp-block-heading\" id=\"solawi-bauer\">Gemeinsam mit dem Bauern zu regionalem Wert<\/h3>\n\n\n\n<p><strong>Organisation, Werte und Gemeinschaft<\/strong><\/p>\n\n\n\n<p>In der SoLaWi am Westhof bilden Erzeuger und Verbraucher eine Kooperation in Form<br>einer ideellen Gemeinschaft, um eine lokale, kleinstrukturierte, vielf\u00e4ltige, biologische Landwirtschaft zu sichern. Dazu zahlt jede-r TeilnehmerIn (im Weiteren &#8222;Mitglied&#8220; genannt) ein Jahr lang monatlich einen festen Betrag, mit dem der Landwirt wirtschaften kann. Die produzierte Ernte wird unter den Mitgliedern geteilt und kann einmal w\u00f6chentlich am Hof abgeholt werden. Zus\u00e4tzlich gibt es Obst, N\u00fcsse und Maronen zur Selbsternte auf der nahegelegenen Obstwiese. Ebenso geh\u00f6rt zu einem sog. Ernteanteil Brot, das von zwei regionalen B\u00e4ckereien bezogen wird. Uns beliefern die B\u00e4ckereien T\u00f6ller und Plum Landgenuss. Regelm\u00e4\u00dfig gibt es per Mail Nachrichten aus der Landwirtschaft und Informationen zu aktuellen Themen. Ein Newsletter vertieft einzelne Themen. Damit versuchen wir Abl\u00e4ufe transparent zu halten und allen Mitgliedern Einblick in das aktuelle Hofgeschehen zu geben.<\/p>\n\n\n\n<p>Jedes Jahr laden wir alle Mitglieder und Interessierten zu einer SoLaWi-Jahresversammlung ein. Diese bietet die M\u00f6glichkeit, das vergangene Jahr Revue passieren zu lassen, Pl\u00e4ne f\u00fcr die Zukunft zu schmieden, Finanzen zu besprechen und sich aktiv auszutauschen.<\/p>\n\n\n\n<p><\/p>\n\n\n\n<p><\/p>\n\n\n\n<p><strong>Mithelfen und Einbringen<\/strong><\/p>\n\n\n\n<p>Die St\u00e4rke und Weiterentwicklung unserer Gemeinschaft h\u00e4ngt von den Menschen ab, die sie pr\u00e4gen. W\u00e4hrend einige Mitglieder gehen, bringen neue Mitglieder frische Ideen mit \u2013 ein nat\u00fcrlicher Wandel, der immer wieder neue Herausforderungen und Chancen bietet.<\/p>\n\n\n\n<p>Mitglieder, die sich engagieren m\u00f6chten, k\u00f6nnen auf vielf\u00e4ltige Weise zur SoLaWi am Westhof beitragen:<\/p>\n\n\n\n<p><strong>Mitarbeit in der Aktivgruppe:<\/strong> Die Aktivgruppe bildet sich aus einer Gruppe der Mitglieder und trifft sich je nach Bedarf unregelm\u00e4\u00dfig, um im Auftrag des Landwirts organisatorische Aufgaben zu \u00fcbernehmen.<\/p>\n\n\n\n<p><\/p>\n\n\n\n<p><strong>Mitarbeitstage: <\/strong>Bei Bedarf werden in der w\u00f6chentlichen Mail die Mitarbeitstage angek\u00fcndigt und es wird nach M\u00f6glichkeit auch genannt, was konkret an Arbeit ansteht. Zu den m\u00f6glichen Arbeiten z\u00e4hlen Pflanzen, Ernten, Unkraut hacken oder Landschaftspflege. Einfach vorbeikommen und mitmachen.<\/p>\n\n\n\n<p><strong>Mithilfe am Donnerstag<\/strong>: <\/p>\n\n\n\n<p><\/p>\n\n\n\n<p><strong>Mithilfe rund um die Ausgabe<\/strong>: <\/p>\n\n\n\n<p><\/p>\n\n\n\n<p><strong>Mithilfe am Bau<\/strong>: <\/p>\n\n\n\n<p><\/p>\n\n\n\n<p><\/p>\n\n\n\n<p><strong>Was bedeutet es, Teil der SoLaWi zu sein?<\/strong><\/p>\n\n\n\n<ul class=\"wp-block-list\">\n<li><strong>Regionale Landwirtschaft st\u00e4rken<\/strong>: Du unterst\u00fctzt den Anbau von regionalen und saisonalen Produkten auf kleinb\u00e4uerlicher Basis.<\/li>\n\n\n\n<li><strong>Natur sch\u00fctzen<\/strong>: Gemeinsam leisten wir einen Beitrag zur Pflege der Natur- und Kulturlandschaft.<\/li>\n\n\n\n<li><strong>Nachhaltig handeln<\/strong>: Du tr\u00e4gst zu einer innovativen, verantwortungsvollen Landwirtschaft bei, die gleichzeitig die Existenz der Menschen auf dem Hof sichert und eine nachhaltige Entwicklung f\u00f6rdert.<\/li>\n\n\n\n<li><strong>Ein anderes Wirtschaften erm\u00f6glichen<\/strong>: Unser Landwirt Daniel Bosse kann sich dank deiner Unterst\u00fctzung unabh\u00e4ngig von Marktzw\u00e4ngen einer guten landwirtschaftlichen Praxis widmen, den Boden fruchtbar erhalten und bed\u00fcrfnisorientiert wirtschaften.<\/li>\n\n\n\n<li><strong>Frische Ernte genie\u00dfen<\/strong>: Du erh\u00e4ltst regelm\u00e4\u00dfig vielf\u00e4ltige, saisonale und regionale Nahrungsmittel \u2013 direkt vom Hof auf deinen Tisch.<\/li>\n\n\n\n<li><strong>Lernen und Mitmachen<\/strong>: Erhalte Einblicke in den Anbau und die Pflege der Erde. Nutze die Chance, dich mit deinen Talenten und F\u00e4higkeiten in die Gemeinschaft einzubringen (sofern du m\u00f6chtest).<\/li>\n\n\n\n<li><strong>Planungssicherheit schaffen<\/strong>: Deine Mitgliedschaft garantiert die Deckung der Betriebskosten und unterst\u00fctzt eine Landwirtschaft mit m\u00f6glichst wenig Hybridsaatgut, ohne synthetische D\u00fcnger oder Pestizide.<\/li>\n<\/ul>\n\n\n\n<p><\/p>\n\n\n\n<p><strong>Vom kleinen Anfang zur lebendigen Gemeinschaft<\/strong><\/p>\n\n\n\n<p>Unsere SoLaWi begann einst mit 80 Ernteanteilen und ist im Laufe der Jahre stetig gewachsen. Heute umfasst sie:<\/p>\n\n\n\n<ul class=\"wp-block-list\">\n<li><strong>Rund 200 Ernteanteile<\/strong><\/li>\n\n\n\n<li><strong>\u00dcber 300 Mitglieder<\/strong>, darunter Familien, WGs und Einzelpersonen aus allen Alters- und Berufsgruppen<\/li>\n\n\n\n<li>Mitglieder aus Aachen und Umgebung sowie aus grenznahen Regionen Belgiens und der Niederlande<\/li>\n<\/ul>\n\n\n\n<p>Wenn man bedenkt, dass pro Ernteanteil durchschnittlich zwei Personen versorgt werden, profitieren inzwischen mehr als 600 Menschen von frischem, nachhaltig angebautem Gem\u00fcse aus Aachen \u2013 das entspricht der Gr\u00f6\u00dfe eines ganzen Dorfes in manchen Gegenden Deutschlands.<\/p>\n\n\n\n<p>Gemeinsam gestalten wir eine Landwirtschaft, die Menschen verbindet, die Natur sch\u00fctzt und eine lebenswerte Zukunft schafft.<\/p>\n\n\n\n<div class=\"wp-block-buttons is-layout-flex wp-block-buttons-is-layout-flex\"><\/div>\n\n\n\n<p><\/p>\n","protected":false},"excerpt":{"rendered":"<p>Gemeinsam mit dem Bauern zu regionalem Wert Organisation, Werte und Gemeinschaft In der SoLaWi am Westhof bilden Erzeuger und Verbraucher eine Kooperation in Formeiner ideellen Gemeinschaft, um eine lokale, kleinstrukturierte, vielf\u00e4ltige, biologische Landwirtschaft zu sichern. Dazu zahlt jede-r TeilnehmerIn (im Weiteren &#8222;Mitglied&#8220; genannt) ein Jahr lang monatlich einen festen Betrag, mit dem der Landwirt wirtschaften [&hellip;]<\/p>\n","protected":false},"author":1,"featured_media":0,"parent":0,"menu_order":0,"comment_status":"closed","ping_status":"closed","template":"","meta":{"footnotes":""},"class_list":["post-78","page","type-page","status-publish","hentry"],"_links":{"self":[{"href":"https:\/\/admin.solawiaachen.de\/index.php?rest_route=\/wp\/v2\/pages\/78","targetHints":{"allow":["GET"]}}],"collection":[{"href":"https:\/\/admin.solawiaachen.de\/index.php?rest_route=\/wp\/v2\/pages"}],"about":[{"href":"https:\/\/admin.solawiaachen.de\/index.php?rest_route=\/wp\/v2\/types\/page"}],"author":[{"embeddable":true,"href":"https:\/\/admin.solawiaachen.de\/index.php?rest_route=\/wp\/v2\/users\/1"}],"replies":[{"embeddable":true,"href":"https:\/\/admin.solawiaachen.de\/index.php?rest_route=%2Fwp%2Fv2%2Fcomments&post=78"}],"version-history":[{"count":32,"href":"https:\/\/admin.solawiaachen.de\/index.php?rest_route=\/wp\/v2\/pages\/78\/revisions"}],"predecessor-version":[{"id":603,"href":"https:\/\/admin.solawiaachen.de\/index.php?rest_route=\/wp\/v2\/pages\/78\/revisions\/603"}],"wp:attachment":[{"href":"https:\/\/admin.solawiaachen.de\/index.php?rest_route=%2Fwp%2Fv2%2Fmedia&parent=78"}],"curies":[{"name":"wp","href":"https:\/\/api.w.org\/{rel}","templated":true}]}}